{"id":2,"date":"2022-05-24T08:53:03","date_gmt":"2022-05-24T08:53:03","guid":{"rendered":"http:\/\/localhost\/wordpress\/?page_id=2"},"modified":"2026-01-01T13:01:25","modified_gmt":"2026-01-01T13:01:25","slug":"sample-page","status":"publish","type":"page","link":"https:\/\/www.modryvezak.cz\/","title":{"rendered":"V\u00edt\u00e1me v\u00e1s!"},"content":{"rendered":"\n<p><\/p>\n\n\n\n<div class=\"wp-block-cover aligncenter has-x-large-font-size\" style=\"min-height:617px;aspect-ratio:unset;\"><span aria-hidden=\"true\" class=\"wp-block-cover__background has-neve-link-color-background-color has-background-dim-40 has-background-dim\"><\/span><img loading=\"lazy\" decoding=\"async\" width=\"1024\" height=\"576\" class=\"wp-block-cover__image-background wp-image-19\" alt=\"\" src=\"http:\/\/www.modryvezak.cz\/wp-content\/uploads\/2022\/05\/36239574_2151471671548320_5025542199417241600_o-1024x576-1.jpg\" style=\"object-position:22% 44%\" data-object-fit=\"cover\" data-object-position=\"22% 44%\" srcset=\"https:\/\/www.modryvezak.cz\/wp-content\/uploads\/2022\/05\/36239574_2151471671548320_5025542199417241600_o-1024x576-1.jpg 1024w, https:\/\/www.modryvezak.cz\/wp-content\/uploads\/2022\/05\/36239574_2151471671548320_5025542199417241600_o-1024x576-1-300x169.jpg 300w, https:\/\/www.modryvezak.cz\/wp-content\/uploads\/2022\/05\/36239574_2151471671548320_5025542199417241600_o-1024x576-1-768x432.jpg 768w\" sizes=\"auto, (max-width: 1024px) 100vw, 1024px\" \/><div class=\"wp-block-cover__inner-container is-layout-flow wp-block-cover-is-layout-flow\">\n<p class=\"has-text-align-center has-large-font-size\">Dostupn\u00e9 ubytov\u00e1n\u00ed v Chebu nejen pro sportovce!<\/p>\n\n\n\n<p class=\"has-text-align-center\"><strong>Rezervace na tel.: +420 770 326 609<\/strong><\/p>\n<\/div><\/div>\n\n\n\n<div style=\"height:100px\" aria-hidden=\"true\" class=\"wp-block-spacer\"><\/div>\n\n\n\n<h4 class=\"wp-block-heading has-text-align-center\">Z\u00e1kladn\u00ed informace<\/h4>\n\n\n\n<p class=\"has-text-align-center\">M\u011bstsk\u00e1 ubytovna &#8222;Modr\u00fd v\u011b\u017e\u00e1k&#8220; se nach\u00e1z\u00ed v \u010d\u00e1sti &#8222;Hrad\u010dany&#8220; nedaleko t\u0159\u00ed v\u00fdznamn\u00fdch chebsk\u00fdch sportovi\u0161\u0165 (sportovn\u00ed hala, zimn\u00ed stadion a plaveck\u00fd baz\u00e9n). Ubytovna aktu\u00e1ln\u011b nab\u00edz\u00ed v pr\u016fb\u011bhu cel\u00e9ho roku 69 l\u016f\u017eek pro skupiny i jednotlivce. V ubytovn\u011b se nach\u00e1z\u00ed jednol\u016f\u017ekov\u00e9 a dvoul\u016f\u017ekov\u00e9 pokoje. Dva samostatn\u00e9 pokoje disponuj\u00ed spole\u010dnou sprchou a wc (tzv. &#8222;bu\u0148ka&#8220;). N\u011bkter\u00e9 pokoje maj\u00ed vlastn\u00ed wc a sprchu (na dotaz). V p\u0159\u00edzem\u00ed budovy se nach\u00e1z\u00ed velk\u00e1 spole\u010densk\u00e1 m\u00edstnost s j\u00eddelnou k vyu\u017eit\u00ed pro skupiny od 10 osob. U skupin nad 10 osob je mo\u017en\u00e9 zajistit kompletn\u00ed stravu (na dotaz).<\/p>\n\n\n\n<figure class=\"wp-block-gallery has-nested-images columns-4 is-cropped wp-block-gallery-1 is-layout-flex wp-block-gallery-is-layout-flex\">\n<figure class=\"wp-block-image size-large\"><a href=\"https:\/\/www.modryvezak.cz\/wp-content\/uploads\/2023\/06\/CHmovezpokoje10.jpg\" target=\"_blank\" rel=\"noopener\"><img loading=\"lazy\" decoding=\"async\" width=\"680\" height=\"436\" data-id=\"47\" src=\"https:\/\/www.modryvezak.cz\/wp-content\/uploads\/2023\/06\/CHmovezpokoje10.jpg\" alt=\"\" class=\"wp-image-47\" srcset=\"https:\/\/www.modryvezak.cz\/wp-content\/uploads\/2023\/06\/CHmovezpokoje10.jpg 680w, https:\/\/www.modryvezak.cz\/wp-content\/uploads\/2023\/06\/CHmovezpokoje10-300x192.jpg 300w\" sizes=\"auto, (max-width: 680px) 100vw, 680px\" \/><\/a><\/figure>\n\n\n\n<figure class=\"wp-block-image size-large\"><a href=\"https:\/\/www.modryvezak.cz\/wp-content\/uploads\/2023\/06\/CHmovezpokoje12.jpg\" target=\"_blank\" rel=\"noopener\"><img loading=\"lazy\" decoding=\"async\" width=\"680\" height=\"453\" data-id=\"49\" src=\"https:\/\/www.modryvezak.cz\/wp-content\/uploads\/2023\/06\/CHmovezpokoje12.jpg\" alt=\"\" class=\"wp-image-49\" srcset=\"https:\/\/www.modryvezak.cz\/wp-content\/uploads\/2023\/06\/CHmovezpokoje12.jpg 680w, https:\/\/www.modryvezak.cz\/wp-content\/uploads\/2023\/06\/CHmovezpokoje12-300x200.jpg 300w\" sizes=\"auto, (max-width: 680px) 100vw, 680px\" \/><\/a><\/figure>\n\n\n\n<figure class=\"wp-block-image size-large\"><a href=\"https:\/\/www.modryvezak.cz\/wp-content\/uploads\/2023\/06\/IMG_20210327_063821.jpg\" target=\"_blank\" rel=\"noopener\"><img loading=\"lazy\" decoding=\"async\" width=\"382\" height=\"510\" data-id=\"48\" src=\"https:\/\/www.modryvezak.cz\/wp-content\/uploads\/2023\/06\/IMG_20210327_063821.jpg\" alt=\"\" class=\"wp-image-48\" srcset=\"https:\/\/www.modryvezak.cz\/wp-content\/uploads\/2023\/06\/IMG_20210327_063821.jpg 382w, https:\/\/www.modryvezak.cz\/wp-content\/uploads\/2023\/06\/IMG_20210327_063821-225x300.jpg 225w\" sizes=\"auto, (max-width: 382px) 100vw, 382px\" \/><\/a><\/figure>\n\n\n\n<figure class=\"wp-block-image size-large\"><a href=\"https:\/\/www.modryvezak.cz\/wp-content\/uploads\/2023\/06\/Nepojmenovane.jpg\" target=\"_blank\" rel=\"noopener\"><img loading=\"lazy\" decoding=\"async\" width=\"300\" height=\"168\" data-id=\"50\" src=\"https:\/\/www.modryvezak.cz\/wp-content\/uploads\/2023\/06\/Nepojmenovane.jpg\" alt=\"\" class=\"wp-image-50\"\/><\/a><\/figure>\n\n\n\n<figure class=\"wp-block-image size-large\"><img loading=\"lazy\" decoding=\"async\" width=\"1024\" height=\"682\" data-id=\"51\" src=\"https:\/\/www.modryvezak.cz\/wp-content\/uploads\/2023\/06\/pokoj1-1024x682.png\" alt=\"\" class=\"wp-image-51\" srcset=\"https:\/\/www.modryvezak.cz\/wp-content\/uploads\/2023\/06\/pokoj1-1024x682.png 1024w, https:\/\/www.modryvezak.cz\/wp-content\/uploads\/2023\/06\/pokoj1-300x200.png 300w, https:\/\/www.modryvezak.cz\/wp-content\/uploads\/2023\/06\/pokoj1-768x512.png 768w, https:\/\/www.modryvezak.cz\/wp-content\/uploads\/2023\/06\/pokoj1-930x620.png 930w, https:\/\/www.modryvezak.cz\/wp-content\/uploads\/2023\/06\/pokoj1.png 1300w\" sizes=\"auto, (max-width: 1024px) 100vw, 1024px\" \/><\/figure>\n\n\n\n<figure class=\"wp-block-image size-large\"><img loading=\"lazy\" decoding=\"async\" width=\"1024\" height=\"675\" data-id=\"52\" src=\"https:\/\/www.modryvezak.cz\/wp-content\/uploads\/2023\/06\/pokoj2-1024x675.png\" alt=\"\" class=\"wp-image-52\" srcset=\"https:\/\/www.modryvezak.cz\/wp-content\/uploads\/2023\/06\/pokoj2-1024x675.png 1024w, https:\/\/www.modryvezak.cz\/wp-content\/uploads\/2023\/06\/pokoj2-300x198.png 300w, https:\/\/www.modryvezak.cz\/wp-content\/uploads\/2023\/06\/pokoj2-768x506.png 768w, https:\/\/www.modryvezak.cz\/wp-content\/uploads\/2023\/06\/pokoj2.png 1308w\" sizes=\"auto, (max-width: 1024px) 100vw, 1024px\" \/><\/figure>\n<\/figure>\n\n\n\n<hr class=\"wp-block-separator has-alpha-channel-opacity\"\/>\n\n\n\n<h4 class=\"wp-block-heading has-text-align-center\">Cen\u00edk &#8211; platn\u00fd od 1. ledna 2026<\/h4>\n\n\n\n<figure class=\"wp-block-table is-style-stripes\"><table class=\"has-fixed-layout\"><tbody><tr><td><strong>ubytov\u00e1n\u00ed<\/strong><\/td><td class=\"has-text-align-center\" data-align=\"center\"><strong>cena osoba\/noc<\/strong><\/td><td class=\"has-text-align-center\" data-align=\"center\"><strong>sn\u00eddan\u011b 1x<\/strong><\/td><td class=\"has-text-align-center\" data-align=\"center\"><strong>ob\u011bd 1x<\/strong><\/td><td class=\"has-text-align-center\" data-align=\"center\"><strong>ve\u010de\u0159e 1x<\/strong><\/td><td class=\"has-text-align-center\" data-align=\"center\"><strong>polopenze 1x<\/strong><\/td><td class=\"has-text-align-center\" data-align=\"center\"><strong>pln\u00e1 penze 1x<\/strong><\/td><\/tr><tr><td><strong>&#8212;&#8212;&#8212;&#8212;&#8212;&#8212;-<\/strong><\/td><td class=\"has-text-align-center\" data-align=\"center\"><strong>&#8212;&#8212;&#8212;&#8212;&#8212;&#8212;-<\/strong><\/td><td class=\"has-text-align-center\" data-align=\"center\"><strong>&#8212;&#8212;&#8212;&#8212;&#8212;&#8212;-<\/strong><\/td><td class=\"has-text-align-center\" data-align=\"center\"><strong>&#8212;&#8212;&#8212;&#8212;&#8212;&#8212;-<\/strong><\/td><td class=\"has-text-align-center\" data-align=\"center\"><strong>&#8212;&#8212;&#8212;&#8212;&#8212;&#8212;-<\/strong><\/td><td class=\"has-text-align-center\" data-align=\"center\"><strong>&#8212;&#8212;&#8212;&#8212;&#8212;&#8212;-<\/strong><\/td><td class=\"has-text-align-center\" data-align=\"center\"><strong>&#8212;&#8212;&#8212;&#8212;&#8212;&#8212;-<\/strong><\/td><\/tr><tr><td><strong>Jednotlivci &#8211; dosp\u011bl\u00e1 osoba<\/strong><\/td><td class=\"has-text-align-center\" data-align=\"center\">480 K\u010d<\/td><td class=\"has-text-align-center\" data-align=\"center\">140 K\u010d<\/td><td class=\"has-text-align-center\" data-align=\"center\">160 K\u010d<\/td><td class=\"has-text-align-center\" data-align=\"center\">140 K\u010d<\/td><td class=\"has-text-align-center\" data-align=\"center\">320 K\u010d<\/td><td class=\"has-text-align-center\" data-align=\"center\">430 K\u010d<\/td><\/tr><tr><td><strong>Jednotlivci &#8211; d\u011bti do 15 let<\/strong><\/td><td class=\"has-text-align-center\" data-align=\"center\">400 K\u010d<\/td><td class=\"has-text-align-center\" data-align=\"center\">140 K\u010d<\/td><td class=\"has-text-align-center\" data-align=\"center\">160 K\u010d<\/td><td class=\"has-text-align-center\" data-align=\"center\">140 K\u010d<\/td><td class=\"has-text-align-center\" data-align=\"center\">320 K\u010d<\/td><td class=\"has-text-align-center\" data-align=\"center\">430 K\u010d<\/td><\/tr><tr><td><strong>Skupiny &#8211; min. 10 osob\/dosp\u011bl\u00e1 osoba<\/strong><\/td><td class=\"has-text-align-center\" data-align=\"center\">380 K\u010d<\/td><td class=\"has-text-align-center\" data-align=\"center\">140 K\u010d<\/td><td class=\"has-text-align-center\" data-align=\"center\">160 K\u010d<\/td><td class=\"has-text-align-center\" data-align=\"center\">140 K\u010d<\/td><td class=\"has-text-align-center\" data-align=\"center\">320 K\u010d<\/td><td class=\"has-text-align-center\" data-align=\"center\">430 K\u010d<\/td><\/tr><tr><td><strong>Skupiny &#8211; min. 10 osob\/d\u011bti do 15 let<\/strong><\/td><td class=\"has-text-align-center\" data-align=\"center\">310 K\u010d<\/td><td class=\"has-text-align-center\" data-align=\"center\">140 K\u010d<\/td><td class=\"has-text-align-center\" data-align=\"center\">160 K\u010d<\/td><td class=\"has-text-align-center\" data-align=\"center\">140 K\u010d<\/td><td class=\"has-text-align-center\" data-align=\"center\">320 K\u010d<\/td><td class=\"has-text-align-center\" data-align=\"center\">430 K\u010d<\/td><\/tr><tr><td><strong>M\u011bstsk\u00e9 subjekty z Chebu (\u0161koly, p\u0159\u00edsp\u011bvkov\u00e9 organizace) + IZS (HZS, ZZS, P\u010cR)<\/strong><\/td><td class=\"has-text-align-center\" data-align=\"center\">200 K\u010d<\/td><td class=\"has-text-align-center\" data-align=\"center\">140 K\u010d<\/td><td class=\"has-text-align-center\" data-align=\"center\">160 K\u010d<\/td><td class=\"has-text-align-center\" data-align=\"center\">140 K\u010d<\/td><td class=\"has-text-align-center\" data-align=\"center\">320 K\u010d<\/td><td class=\"has-text-align-center\" data-align=\"center\">430 K\u010d<\/td><\/tr><tr><td><strong>P\u0159\u00edplatek za neobsazen\u00e9 l\u016f\u017eko na pokoji<\/strong><\/td><td class=\"has-text-align-center\" data-align=\"center\">200 K\u010d<\/td><td class=\"has-text-align-center\" data-align=\"center\">&#8211;<\/td><td class=\"has-text-align-center\" data-align=\"center\">&#8211;<\/td><td class=\"has-text-align-center\" data-align=\"center\">&#8211;<\/td><td class=\"has-text-align-center\" data-align=\"center\">&#8211;<\/td><td class=\"has-text-align-center\" data-align=\"center\">&#8211;<\/td><\/tr><\/tbody><tfoot><tr><td><\/td><td class=\"has-text-align-center\" data-align=\"center\"><\/td><td class=\"has-text-align-center\" data-align=\"center\"><\/td><td class=\"has-text-align-center\" data-align=\"center\"><\/td><td class=\"has-text-align-center\" data-align=\"center\"><\/td><td class=\"has-text-align-center\" data-align=\"center\"><\/td><td class=\"has-text-align-center\" data-align=\"center\"><\/td><\/tr><\/tfoot><\/table><figcaption class=\"wp-element-caption\">Ceny jsou v\u010d. DPH<\/figcaption><\/figure>\n\n\n\n<p>Cena za ubytov\u00e1n\u00ed nezahrnuje m\u011bstsk\u00fd poplatek, kter\u00fd \u010din\u00ed 20,-K\u010d<\/p>\n\n\n\n<h4 class=\"wp-block-heading has-text-align-center\">Adresa za\u0159\u00edzen\u00ed<\/h4>\n\n\n\n<p class=\"has-text-align-center\">Dyle\u0148sk\u00e1 1205\/24, 350 02 Cheb<\/p>\n\n\n\n<hr class=\"wp-block-separator has-alpha-channel-opacity\"\/>\n\n\n\n<h4 class=\"wp-block-heading has-text-align-center\"><strong>Kontakt pro rezervaci<\/strong> (Jana Mikol\u00e1\u0161ov\u00e1)<\/h4>\n\n\n\n<p class=\"has-text-align-center\">Telefon: +420 770 326 609<\/p>\n\n\n\n<p class=\"has-text-align-center\">E-mail: <a href=\"mailto:janamikolasova16@gmail.com\">janamikolasova16@gmail.com<\/a><\/p>\n\n\n\n<hr class=\"wp-block-separator has-alpha-channel-opacity\"\/>\n\n\n\n<h4 class=\"wp-block-heading has-text-align-center\"><strong>Provozovatel za\u0159\u00edzen\u00ed<\/strong><\/h4>\n\n\n\n<p class=\"has-text-align-center\">Spr\u00e1va sportovi\u0161\u0165 m\u011bsta Chebu, p\u0159\u00edsp\u011bvkov\u00e1 organizace<\/p>\n\n\n\n<p class=\"has-text-align-center\">I\u010cO: 09176357, DI\u010c: CZ09176357<\/p>\n\n\n\n<p class=\"has-text-align-center\">S\u00eddlo: Dyle\u0148sk\u00e1 1205\/24, 350 02 Cheb<\/p>\n\n\n\n<p class=\"has-text-align-center\">www.sportovistecheb.cz<\/p>\n","protected":false},"excerpt":{"rendered":"<p>Z\u00e1kladn\u00ed informace M\u011bstsk\u00e1 ubytovna &#8222;Modr\u00fd v\u011b\u017e\u00e1k&#8220; se nach\u00e1z\u00ed v \u010d\u00e1sti &#8222;Hrad\u010dany&#8220; nedaleko t\u0159\u00ed v\u00fdznamn\u00fdch chebsk\u00fdch sportovi\u0161\u0165 (sportovn\u00ed hala, zimn\u00ed stadion a plaveck\u00fd baz\u00e9n). Ubytovna aktu\u00e1ln\u011b nab\u00edz\u00ed v pr\u016fb\u011bhu cel\u00e9ho roku 69 l\u016f\u017eek pro skupiny i jednotlivce. V ubytovn\u011b se nach\u00e1z\u00ed jednol\u016f\u017ekov\u00e9 a dvoul\u016f\u017ekov\u00e9 pokoje. Dva samostatn\u00e9 pokoje disponuj\u00ed spole\u010dnou sprchou a wc (tzv. &#8222;bu\u0148ka&#8220;). N\u011bkter\u00e9&hellip;&nbsp;<a href=\"https:\/\/www.modryvezak.cz\/\" class=\"\" rel=\"bookmark\">\u010c\u00edst d\u00e1le &raquo;<span class=\"screen-reader-text\">V\u00edt\u00e1me v\u00e1s!<\/span><\/a><\/p>\n","protected":false},"author":1,"featured_media":0,"parent":0,"menu_order":0,"comment_status":"closed","ping_status":"open","template":"","meta":{"neve_meta_sidebar":"","neve_meta_container":"","neve_meta_enable_content_width":"","neve_meta_content_width":0,"neve_meta_title_alignment":"","neve_meta_author_avatar":"","neve_post_elements_order":"","neve_meta_disable_header":"","neve_meta_disable_footer":"","neve_meta_disable_title":"","footnotes":""},"class_list":["post-2","page","type-page","status-publish","hentry"],"_links":{"self":[{"href":"https:\/\/www.modryvezak.cz\/index.php\/wp-json\/wp\/v2\/pages\/2","targetHints":{"allow":["GET"]}}],"collection":[{"href":"https:\/\/www.modryvezak.cz\/index.php\/wp-json\/wp\/v2\/pages"}],"about":[{"href":"https:\/\/www.modryvezak.cz\/index.php\/wp-json\/wp\/v2\/types\/page"}],"author":[{"embeddable":true,"href":"https:\/\/www.modryvezak.cz\/index.php\/wp-json\/wp\/v2\/users\/1"}],"replies":[{"embeddable":true,"href":"https:\/\/www.modryvezak.cz\/index.php\/wp-json\/wp\/v2\/comments?post=2"}],"version-history":[{"count":35,"href":"https:\/\/www.modryvezak.cz\/index.php\/wp-json\/wp\/v2\/pages\/2\/revisions"}],"predecessor-version":[{"id":100,"href":"https:\/\/www.modryvezak.cz\/index.php\/wp-json\/wp\/v2\/pages\/2\/revisions\/100"}],"wp:attachment":[{"href":"https:\/\/www.modryvezak.cz\/index.php\/wp-json\/wp\/v2\/media?parent=2"}],"curies":[{"name":"wp","href":"https:\/\/api.w.org\/{rel}","templated":true}]}}